{"id":8,"date":"2020-06-15T20:07:52","date_gmt":"2020-06-15T20:07:52","guid":{"rendered":"https:\/\/neu.ig-rychenbergstrasse.ch\/?page_id=8"},"modified":"2025-05-02T18:42:16","modified_gmt":"2025-05-02T18:42:16","slug":"kontakt","status":"publish","type":"page","link":"https:\/\/www.ig-rychenbergstrasse.ch\/?page_id=8","title":{"rendered":"Kontakt"},"content":{"rendered":"\n<p><a href=\"mailto:ei&#115;&#101;&#x6c;&#x65;&#x40;&#x69;g-&#114;&#121;&#x63;&#x68;&#x65;&#x6e;be&#114;&#103;&#115;&#x74;&#x72;&#x61;&#x73;se&#046;&#099;&#x68;?subject=IG%20Rychenbergstrasse\">Klaus Eisele<\/a>, Pr\u00e4sident<br>Ruchwiesenstrasse 60<br>8404 Winterthur&nbsp;<br>Telefon 052 242 56 11<\/p>\n\n\n\n<p><a href=\"mailto:&#x70;&#x61;&#116;&#115;c&#x68;&#x65;&#x69;&#100;&#101;r&#x40;&#x69;&#x67;&#045;&#114;y&#x63;&#x68;&#x65;&#110;&#098;e&#x72;&#x67;&#x73;&#116;ra&#x73;&#x73;&#x65;&#046;ch?subject=IG%20Rychenbergstrasse\">Toni Patscheider<\/a>, Kassier<br>Rychenbergstrasse 262<br>8404 Winterthur<\/p>\n\n\n\n<p><a href=\"mailto:k&#097;&#x65;&#x6d;p&#102;&#x40;&#x69;g&#045;&#114;&#x79;&#x63;h&#101;&#x6e;&#x62;e&#114;&#x67;&#x73;t&#114;&#097;&#x73;&#x73;e&#046;&#x63;&#x68;?subject=IG%20Rychenbergstrasse\">Martin K\u00e4mpf<\/a><br>Rychenbergstrasse 374<br>8404 Winterthur<\/p>\n\n\n\n<p>F\u00fcr Anfragen f\u00fcr eine Mitgliedschaft verwenden Sie bitte das folgende <a rel=\"noreferrer noopener\" href=\"https:\/\/www.ig-rychenbergstrasse.ch\/?page_id=79\" target=\"_blank\">Formular<\/a><\/p>\n\n\n\n<p><\/p>\n\n\n\n<p>F\u00fcr alle \u00fcbrigen Anfragen stehen wir Ihnen gerne zur Verf\u00fcgung:<\/p>\n\n\n\n\n<div class=\"wpcf7 no-js\" id=\"wpcf7-f246-o1\" lang=\"de-CH\" dir=\"ltr\" data-wpcf7-id=\"246\">\n<div class=\"screen-reader-response\"><p role=\"status\" aria-live=\"polite\" aria-atomic=\"true\"><\/p> <ul><\/ul><\/div>\n<form action=\"\/index.php?rest_route=%2Fwp%2Fv2%2Fpages%2F8#wpcf7-f246-o1\" method=\"post\" class=\"wpcf7-form init\" aria-label=\"Contact form\" novalidate=\"novalidate\" data-status=\"init\">\n<fieldset class=\"hidden-fields-container\"><input type=\"hidden\" name=\"_wpcf7\" value=\"246\" \/><input type=\"hidden\" name=\"_wpcf7_version\" value=\"6.1.5\" \/><input type=\"hidden\" name=\"_wpcf7_locale\" value=\"de_CH\" \/><input type=\"hidden\" name=\"_wpcf7_unit_tag\" value=\"wpcf7-f246-o1\" \/><input type=\"hidden\" name=\"_wpcf7_container_post\" value=\"0\" \/><input type=\"hidden\" name=\"_wpcf7_posted_data_hash\" value=\"\" \/>\n<\/fieldset>\n<p><label> Anrede (erforderlich)<br \/>\n<span class=\"wpcf7-form-control-wrap\" data-name=\"Anrede\"><select class=\"wpcf7-form-control wpcf7-select wpcf7-validates-as-required\" aria-required=\"true\" aria-invalid=\"false\" name=\"Anrede\"><option value=\"Frau\">Frau<\/option><option value=\"Herr\">Herr<\/option><option value=\"Familie\">Familie<\/option><\/select><\/span><br \/>\n<\/label>\n<\/p>\n<p><label> Vorname (erforderlich)<br \/>\n<span class=\"wpcf7-form-control-wrap\" data-name=\"Vorname\"><input size=\"40\" maxlength=\"400\" class=\"wpcf7-form-control wpcf7-text wpcf7-validates-as-required\" aria-required=\"true\" aria-invalid=\"false\" value=\"\" type=\"text\" name=\"Vorname\" \/><\/span> <\/label>\n<\/p>\n<p><label> Nachname (erforderlich)<br \/>\n<span class=\"wpcf7-form-control-wrap\" data-name=\"Nachname\"><input size=\"40\" maxlength=\"400\" class=\"wpcf7-form-control wpcf7-text wpcf7-validates-as-required\" aria-required=\"true\" aria-invalid=\"false\" value=\"\" type=\"text\" name=\"Nachname\" \/><\/span> <\/label>\n<\/p>\n<p><label> E-Mail (erforderlich)<br \/>\n<span class=\"wpcf7-form-control-wrap\" data-name=\"your-email\"><input size=\"40\" maxlength=\"400\" class=\"wpcf7-form-control wpcf7-email wpcf7-validates-as-required wpcf7-text wpcf7-validates-as-email\" aria-required=\"true\" aria-invalid=\"false\" value=\"\" type=\"email\" name=\"your-email\" \/><\/span> <\/label>\n<\/p>\n<p><label> Tel. (erforderlich)<br \/>\n<span class=\"wpcf7-form-control-wrap\" data-name=\"Tel\"><input size=\"40\" maxlength=\"400\" class=\"wpcf7-form-control wpcf7-text\" aria-invalid=\"false\" value=\"\" type=\"text\" name=\"Tel\" \/><\/span> <\/label>\n<\/p>\n<p><label> Anfrage<br \/>\n<span class=\"wpcf7-form-control-wrap\" data-name=\"your-message\"><textarea cols=\"40\" rows=\"10\" maxlength=\"2000\" class=\"wpcf7-form-control wpcf7-textarea\" aria-invalid=\"false\" name=\"your-message\"><\/textarea><\/span> <\/label>\n<\/p>\n<p><input class=\"wpcf7-form-control wpcf7-submit has-spinner\" type=\"submit\" value=\"Senden\" \/>\n<\/p><p style=\"display: none !important;\" class=\"akismet-fields-container\" data-prefix=\"_wpcf7_ak_\"><label>&#916;<textarea name=\"_wpcf7_ak_hp_textarea\" cols=\"45\" rows=\"8\" maxlength=\"100\"><\/textarea><\/label><input type=\"hidden\" id=\"ak_js_1\" name=\"_wpcf7_ak_js\" value=\"203\"\/><script>\ndocument.getElementById( \"ak_js_1\" ).setAttribute( \"value\", ( new Date() ).getTime() );\n<\/script>\n<\/p><div class=\"wpcf7-response-output\" aria-hidden=\"true\"><\/div>\n<\/form>\n<\/div>\n\n\n\n\n<p><\/p>\n","protected":false},"excerpt":{"rendered":"<p>Klaus Eisele, Pr\u00e4sidentRuchwiesenstrasse 608404 Winterthur&nbsp;Telefon 052 242 56 11 Toni Patscheider, KassierRychenbergstrasse 2628404 Winterthur Martin K\u00e4mpfRychenbergstrasse 3748404 Winterthur F\u00fcr Anfragen f\u00fcr eine Mitgliedschaft verwenden Sie bitte das folgende Formular F\u00fcr alle \u00fcbrigen Anfragen stehen wir Ihnen gerne zur Verf\u00fcgung:<\/p>\n","protected":false},"author":1,"featured_media":99,"parent":0,"menu_order":0,"comment_status":"closed","ping_status":"closed","template":"","meta":{"footnotes":""},"class_list":["post-8","page","type-page","status-publish","has-post-thumbnail","hentry"],"_links":{"self":[{"href":"https:\/\/www.ig-rychenbergstrasse.ch\/index.php?rest_route=\/wp\/v2\/pages\/8","targetHints":{"allow":["GET"]}}],"collection":[{"href":"https:\/\/www.ig-rychenbergstrasse.ch\/index.php?rest_route=\/wp\/v2\/pages"}],"about":[{"href":"https:\/\/www.ig-rychenbergstrasse.ch\/index.php?rest_route=\/wp\/v2\/types\/page"}],"author":[{"embeddable":true,"href":"https:\/\/www.ig-rychenbergstrasse.ch\/index.php?rest_route=\/wp\/v2\/users\/1"}],"replies":[{"embeddable":true,"href":"https:\/\/www.ig-rychenbergstrasse.ch\/index.php?rest_route=%2Fwp%2Fv2%2Fcomments&post=8"}],"version-history":[{"count":12,"href":"https:\/\/www.ig-rychenbergstrasse.ch\/index.php?rest_route=\/wp\/v2\/pages\/8\/revisions"}],"predecessor-version":[{"id":572,"href":"https:\/\/www.ig-rychenbergstrasse.ch\/index.php?rest_route=\/wp\/v2\/pages\/8\/revisions\/572"}],"wp:featuredmedia":[{"embeddable":true,"href":"https:\/\/www.ig-rychenbergstrasse.ch\/index.php?rest_route=\/wp\/v2\/media\/99"}],"wp:attachment":[{"href":"https:\/\/www.ig-rychenbergstrasse.ch\/index.php?rest_route=%2Fwp%2Fv2%2Fmedia&parent=8"}],"curies":[{"name":"wp","href":"https:\/\/api.w.org\/{rel}","templated":true}]}}