{"id":73,"date":"2020-06-15T20:31:04","date_gmt":"2020-06-15T20:31:04","guid":{"rendered":"https:\/\/neu.ig-rychenbergstrasse.ch\/?page_id=73"},"modified":"2025-05-02T18:48:11","modified_gmt":"2025-05-02T18:48:11","slug":"vorstand","status":"publish","type":"page","link":"https:\/\/www.ig-rychenbergstrasse.ch\/?page_id=73","title":{"rendered":"Vorstand"},"content":{"rendered":"\n<p>Der Vorstand besteht z.Zt. aus drei Mitgliedern.<\/p>\n\n\n\n<p>Klaus Eisele, Pr\u00e4sident<\/p>\n\n\n\n<p>Martin K\u00e4mpf<\/p>\n\n\n\n<p>Toni Patscheider, Finanzen<\/p>\n\n\n\n<p>Der Vorstand l\u00e4dt ein zur j\u00e4hrlichen Mitgliederversammlung, initiiert neue Projekte im Sinne der Vereinsziele, informiert \u00fcber aktuelle Projekte, ist in Kontakt mit Beh\u00f6rden und Verwaltung und ist Ansprechpartner f\u00fcr \u00c4mter und Anwohner.<\/p>\n","protected":false},"excerpt":{"rendered":"<p>Der Vorstand besteht z.Zt. aus drei Mitgliedern. Klaus Eisele, Pr\u00e4sident Martin K\u00e4mpf Toni Patscheider, Finanzen Der Vorstand l\u00e4dt ein zur j\u00e4hrlichen Mitgliederversammlung, initiiert neue Projekte im Sinne der Vereinsziele, informiert \u00fcber aktuelle Projekte, ist in Kontakt mit Beh\u00f6rden und Verwaltung und ist Ansprechpartner f\u00fcr \u00c4mter und Anwohner.<\/p>\n","protected":false},"author":1,"featured_media":98,"parent":0,"menu_order":0,"comment_status":"closed","ping_status":"closed","template":"","meta":{"footnotes":""},"class_list":["post-73","page","type-page","status-publish","has-post-thumbnail","hentry"],"_links":{"self":[{"href":"https:\/\/www.ig-rychenbergstrasse.ch\/index.php?rest_route=\/wp\/v2\/pages\/73","targetHints":{"allow":["GET"]}}],"collection":[{"href":"https:\/\/www.ig-rychenbergstrasse.ch\/index.php?rest_route=\/wp\/v2\/pages"}],"about":[{"href":"https:\/\/www.ig-rychenbergstrasse.ch\/index.php?rest_route=\/wp\/v2\/types\/page"}],"author":[{"embeddable":true,"href":"https:\/\/www.ig-rychenbergstrasse.ch\/index.php?rest_route=\/wp\/v2\/users\/1"}],"replies":[{"embeddable":true,"href":"https:\/\/www.ig-rychenbergstrasse.ch\/index.php?rest_route=%2Fwp%2Fv2%2Fcomments&post=73"}],"version-history":[{"count":6,"href":"https:\/\/www.ig-rychenbergstrasse.ch\/index.php?rest_route=\/wp\/v2\/pages\/73\/revisions"}],"predecessor-version":[{"id":573,"href":"https:\/\/www.ig-rychenbergstrasse.ch\/index.php?rest_route=\/wp\/v2\/pages\/73\/revisions\/573"}],"wp:featuredmedia":[{"embeddable":true,"href":"https:\/\/www.ig-rychenbergstrasse.ch\/index.php?rest_route=\/wp\/v2\/media\/98"}],"wp:attachment":[{"href":"https:\/\/www.ig-rychenbergstrasse.ch\/index.php?rest_route=%2Fwp%2Fv2%2Fmedia&parent=73"}],"curies":[{"name":"wp","href":"https:\/\/api.w.org\/{rel}","templated":true}]}}