{"id":65,"date":"2020-06-15T20:29:34","date_gmt":"2020-06-15T20:29:34","guid":{"rendered":"https:\/\/neu.ig-rychenbergstrasse.ch\/?page_id=65"},"modified":"2020-11-04T19:59:55","modified_gmt":"2020-11-04T19:59:55","slug":"gesetzt","status":"publish","type":"page","link":"https:\/\/www.ig-rychenbergstrasse.ch\/?page_id=65","title":{"rendered":"Gesetzte Ziele"},"content":{"rendered":"\n<p>Die&nbsp;<strong>Sicherheit<\/strong>&nbsp;aller Verkehrsteilnehmenden, der Anwohner\/-innen und aller nicht motorisierten Personen ist unser Hauptanliegen.&nbsp;<\/p>\n\n\n\n<p>Den\u00a0<strong>L\u00e4rm<\/strong>, verursacht durch den motorisierten Durchgangsverkehr, wollen wir eind\u00e4mmen.<\/p>\n\n\n\n<p>Die&nbsp;<strong>Gestaltung<\/strong>&nbsp;des Strassenraums mittels B\u00e4umen, Verkehrsinseln usw. ist uns wichtig.<\/p>\n\n\n\n<p>Um unsere Ziele zu erreichen sind wir mit <a href=\"https:\/\/neu.ig-rychenbergstrasse.ch\/?page_id=218\">\u00c4mtern, Interessengemeinschaften, Verb\u00e4nden und Vereinen<\/a> vernetzt und pflegen einen engen Austausch.<\/p>\n","protected":false},"excerpt":{"rendered":"<p>Die&nbsp;Sicherheit&nbsp;aller Verkehrsteilnehmenden, der Anwohner\/-innen und aller nicht motorisierten Personen ist unser Hauptanliegen.&nbsp; Den\u00a0L\u00e4rm, verursacht durch den motorisierten Durchgangsverkehr, wollen wir eind\u00e4mmen. Die&nbsp;Gestaltung&nbsp;des Strassenraums mittels B\u00e4umen, Verkehrsinseln usw. ist uns wichtig. Um unsere Ziele zu erreichen sind wir mit \u00c4mtern, Interessengemeinschaften, Verb\u00e4nden und Vereinen vernetzt und pflegen einen engen Austausch.<\/p>\n","protected":false},"author":1,"featured_media":98,"parent":0,"menu_order":0,"comment_status":"closed","ping_status":"closed","template":"","meta":{"footnotes":""},"class_list":["post-65","page","type-page","status-publish","has-post-thumbnail","hentry"],"_links":{"self":[{"href":"https:\/\/www.ig-rychenbergstrasse.ch\/index.php?rest_route=\/wp\/v2\/pages\/65","targetHints":{"allow":["GET"]}}],"collection":[{"href":"https:\/\/www.ig-rychenbergstrasse.ch\/index.php?rest_route=\/wp\/v2\/pages"}],"about":[{"href":"https:\/\/www.ig-rychenbergstrasse.ch\/index.php?rest_route=\/wp\/v2\/types\/page"}],"author":[{"embeddable":true,"href":"https:\/\/www.ig-rychenbergstrasse.ch\/index.php?rest_route=\/wp\/v2\/users\/1"}],"replies":[{"embeddable":true,"href":"https:\/\/www.ig-rychenbergstrasse.ch\/index.php?rest_route=%2Fwp%2Fv2%2Fcomments&post=65"}],"version-history":[{"count":4,"href":"https:\/\/www.ig-rychenbergstrasse.ch\/index.php?rest_route=\/wp\/v2\/pages\/65\/revisions"}],"predecessor-version":[{"id":223,"href":"https:\/\/www.ig-rychenbergstrasse.ch\/index.php?rest_route=\/wp\/v2\/pages\/65\/revisions\/223"}],"wp:featuredmedia":[{"embeddable":true,"href":"https:\/\/www.ig-rychenbergstrasse.ch\/index.php?rest_route=\/wp\/v2\/media\/98"}],"wp:attachment":[{"href":"https:\/\/www.ig-rychenbergstrasse.ch\/index.php?rest_route=%2Fwp%2Fv2%2Fmedia&parent=65"}],"curies":[{"name":"wp","href":"https:\/\/api.w.org\/{rel}","templated":true}]}}