{"id":56,"date":"2020-06-15T20:27:18","date_gmt":"2020-06-15T20:27:18","guid":{"rendered":"https:\/\/neu.ig-rychenbergstrasse.ch\/?page_id=56"},"modified":"2020-10-01T19:31:40","modified_gmt":"2020-10-01T19:31:40","slug":"baeumli","status":"publish","type":"page","link":"https:\/\/www.ig-rychenbergstrasse.ch\/?page_id=56","title":{"rendered":"B\u00e4umli"},"content":{"rendered":"\n<p>Die Hanglage bzw. die beeindruckende Weitsicht pr\u00e4gen diese Wohnlage. Die \u00e4lteren und neueren Ein- und Mehrfamilienh\u00e4user verf\u00fcgen oft \u00fcber grossz\u00fcgigen Umschwung.&nbsp;Dieser Stassenabschnitt liegt unterhalb des gleichnamigen Aussichtspunkts.<\/p>\n\n\n\n<p>Im Abschnitt \u00abB\u00e4umli\u00bb beschreibt die Rychenbergstrasse eine Kurve nach Norden und f\u00fchrt weiter bis zur Talackerstrasse.<\/p>\n\n\n\n<p>Aktuell ist hier nach wie vor Tempo 50 erlaubt. Seitens der Stadt besteht aber die Zusage f\u00fcr eine Umstellung auf Tempo 30.<\/p>\n","protected":false},"excerpt":{"rendered":"<p>Die Hanglage bzw. die beeindruckende Weitsicht pr\u00e4gen diese Wohnlage. Die \u00e4lteren und neueren Ein- und Mehrfamilienh\u00e4user verf\u00fcgen oft \u00fcber grossz\u00fcgigen Umschwung.&nbsp;Dieser Stassenabschnitt liegt unterhalb des gleichnamigen Aussichtspunkts. Im Abschnitt \u00abB\u00e4umli\u00bb beschreibt die Rychenbergstrasse eine Kurve nach Norden und f\u00fchrt weiter bis zur Talackerstrasse. Aktuell ist hier nach wie vor Tempo 50 erlaubt. Seitens der Stadt [&hellip;]<\/p>\n","protected":false},"author":1,"featured_media":102,"parent":0,"menu_order":0,"comment_status":"closed","ping_status":"closed","template":"","meta":{"footnotes":""},"class_list":["post-56","page","type-page","status-publish","has-post-thumbnail","hentry"],"_links":{"self":[{"href":"https:\/\/www.ig-rychenbergstrasse.ch\/index.php?rest_route=\/wp\/v2\/pages\/56","targetHints":{"allow":["GET"]}}],"collection":[{"href":"https:\/\/www.ig-rychenbergstrasse.ch\/index.php?rest_route=\/wp\/v2\/pages"}],"about":[{"href":"https:\/\/www.ig-rychenbergstrasse.ch\/index.php?rest_route=\/wp\/v2\/types\/page"}],"author":[{"embeddable":true,"href":"https:\/\/www.ig-rychenbergstrasse.ch\/index.php?rest_route=\/wp\/v2\/users\/1"}],"replies":[{"embeddable":true,"href":"https:\/\/www.ig-rychenbergstrasse.ch\/index.php?rest_route=%2Fwp%2Fv2%2Fcomments&post=56"}],"version-history":[{"count":3,"href":"https:\/\/www.ig-rychenbergstrasse.ch\/index.php?rest_route=\/wp\/v2\/pages\/56\/revisions"}],"predecessor-version":[{"id":175,"href":"https:\/\/www.ig-rychenbergstrasse.ch\/index.php?rest_route=\/wp\/v2\/pages\/56\/revisions\/175"}],"wp:featuredmedia":[{"embeddable":true,"href":"https:\/\/www.ig-rychenbergstrasse.ch\/index.php?rest_route=\/wp\/v2\/media\/102"}],"wp:attachment":[{"href":"https:\/\/www.ig-rychenbergstrasse.ch\/index.php?rest_route=%2Fwp%2Fv2%2Fmedia&parent=56"}],"curies":[{"name":"wp","href":"https:\/\/api.w.org\/{rel}","templated":true}]}}