{"id":53,"date":"2020-06-15T20:27:27","date_gmt":"2020-06-15T20:27:27","guid":{"rendered":"https:\/\/neu.ig-rychenbergstrasse.ch\/?page_id=53"},"modified":"2020-10-01T19:31:19","modified_gmt":"2020-10-01T19:31:19","slug":"kantonsschulen","status":"publish","type":"page","link":"https:\/\/www.ig-rychenbergstrasse.ch\/?page_id=53","title":{"rendered":"Kantonsschulen"},"content":{"rendered":"\n<p>S\u00fcdlich der Rychenbergstrasse liegen in parkartiger Umgebung&nbsp;die Musikschule, die Kantonsschulen Rychenberg und Im Lee. Der n\u00f6rdliche Hang ist locker mit vorwiegend alten Villen bebaut.<\/p>\n\n\n\n<p>Reben, denkmalgesch\u00fctzte Trotten, Spazierwege und im Winter der Schlittelhang im T\u00f6ssertobel vervollst\u00e4ndigen das idyllische Bild.<\/p>\n\n\n\n<p>Der Abschnitt \u00abKantonsschulen\u00bb f\u00fchrt am Fuss des Goldenbergs vom Kreisel Haldenstrasse bis zum B\u00e4umli.&nbsp;<\/p>\n\n\n\n<p>Aktuell ist hier nach wie vor Tempo 50 erlaubt. Seitens der Stadt besteht aber die Zusage f\u00fcr eine Umstellung auf Tempo 30.<\/p>\n","protected":false},"excerpt":{"rendered":"<p>S\u00fcdlich der Rychenbergstrasse liegen in parkartiger Umgebung&nbsp;die Musikschule, die Kantonsschulen Rychenberg und Im Lee. Der n\u00f6rdliche Hang ist locker mit vorwiegend alten Villen bebaut. Reben, denkmalgesch\u00fctzte Trotten, Spazierwege und im Winter der Schlittelhang im T\u00f6ssertobel vervollst\u00e4ndigen das idyllische Bild. Der Abschnitt \u00abKantonsschulen\u00bb f\u00fchrt am Fuss des Goldenbergs vom Kreisel Haldenstrasse bis zum B\u00e4umli.&nbsp; Aktuell ist [&hellip;]<\/p>\n","protected":false},"author":1,"featured_media":95,"parent":0,"menu_order":0,"comment_status":"closed","ping_status":"closed","template":"","meta":{"footnotes":""},"class_list":["post-53","page","type-page","status-publish","has-post-thumbnail","hentry"],"_links":{"self":[{"href":"https:\/\/www.ig-rychenbergstrasse.ch\/index.php?rest_route=\/wp\/v2\/pages\/53","targetHints":{"allow":["GET"]}}],"collection":[{"href":"https:\/\/www.ig-rychenbergstrasse.ch\/index.php?rest_route=\/wp\/v2\/pages"}],"about":[{"href":"https:\/\/www.ig-rychenbergstrasse.ch\/index.php?rest_route=\/wp\/v2\/types\/page"}],"author":[{"embeddable":true,"href":"https:\/\/www.ig-rychenbergstrasse.ch\/index.php?rest_route=\/wp\/v2\/users\/1"}],"replies":[{"embeddable":true,"href":"https:\/\/www.ig-rychenbergstrasse.ch\/index.php?rest_route=%2Fwp%2Fv2%2Fcomments&post=53"}],"version-history":[{"count":4,"href":"https:\/\/www.ig-rychenbergstrasse.ch\/index.php?rest_route=\/wp\/v2\/pages\/53\/revisions"}],"predecessor-version":[{"id":174,"href":"https:\/\/www.ig-rychenbergstrasse.ch\/index.php?rest_route=\/wp\/v2\/pages\/53\/revisions\/174"}],"wp:featuredmedia":[{"embeddable":true,"href":"https:\/\/www.ig-rychenbergstrasse.ch\/index.php?rest_route=\/wp\/v2\/media\/95"}],"wp:attachment":[{"href":"https:\/\/www.ig-rychenbergstrasse.ch\/index.php?rest_route=%2Fwp%2Fv2%2Fmedia&parent=53"}],"curies":[{"name":"wp","href":"https:\/\/api.w.org\/{rel}","templated":true}]}}