{"id":49,"date":"2020-06-15T20:27:09","date_gmt":"2020-06-15T20:27:09","guid":{"rendered":"https:\/\/neu.ig-rychenbergstrasse.ch\/?page_id=49"},"modified":"2020-06-15T20:43:32","modified_gmt":"2020-06-15T20:43:32","slug":"haldengut","status":"publish","type":"page","link":"https:\/\/www.ig-rychenbergstrasse.ch\/?page_id=49","title":{"rendered":"Haldengut"},"content":{"rendered":"\n<p>Der westliche Teil der Rychenbergstrasse wurde Ende des 19. Jahrunderts \u00fcberbaut. Er zeichnet sich durch eine starke Verdichtung und einen alten Baumbestand aus. Ein- und Mehrfamilienh\u00e4user, das denkmalgesch\u00fctzte Brauerquartier und die umgenutzte Brauerei sind f\u00fcr Familien attraktiv.<\/p>\n\n\n\n<p>Der Abschnitt \u00abHaldengut\u00bb erstreckt sich vom Lindspitz bis zum Kreisel Haldenstrasse, er liegt etwas versteckt hinter dem Spital.<\/p>\n","protected":false},"excerpt":{"rendered":"<p>Der westliche Teil der Rychenbergstrasse wurde Ende des 19. Jahrunderts \u00fcberbaut. Er zeichnet sich durch eine starke Verdichtung und einen alten Baumbestand aus. Ein- und Mehrfamilienh\u00e4user, das denkmalgesch\u00fctzte Brauerquartier und die umgenutzte Brauerei sind f\u00fcr Familien attraktiv. Der Abschnitt \u00abHaldengut\u00bb erstreckt sich vom Lindspitz bis zum Kreisel Haldenstrasse, er liegt etwas versteckt hinter dem Spital.<\/p>\n","protected":false},"author":1,"featured_media":94,"parent":0,"menu_order":0,"comment_status":"closed","ping_status":"closed","template":"","meta":{"footnotes":""},"class_list":["post-49","page","type-page","status-publish","has-post-thumbnail","hentry"],"_links":{"self":[{"href":"https:\/\/www.ig-rychenbergstrasse.ch\/index.php?rest_route=\/wp\/v2\/pages\/49","targetHints":{"allow":["GET"]}}],"collection":[{"href":"https:\/\/www.ig-rychenbergstrasse.ch\/index.php?rest_route=\/wp\/v2\/pages"}],"about":[{"href":"https:\/\/www.ig-rychenbergstrasse.ch\/index.php?rest_route=\/wp\/v2\/types\/page"}],"author":[{"embeddable":true,"href":"https:\/\/www.ig-rychenbergstrasse.ch\/index.php?rest_route=\/wp\/v2\/users\/1"}],"replies":[{"embeddable":true,"href":"https:\/\/www.ig-rychenbergstrasse.ch\/index.php?rest_route=%2Fwp%2Fv2%2Fcomments&post=49"}],"version-history":[{"count":2,"href":"https:\/\/www.ig-rychenbergstrasse.ch\/index.php?rest_route=\/wp\/v2\/pages\/49\/revisions"}],"predecessor-version":[{"id":90,"href":"https:\/\/www.ig-rychenbergstrasse.ch\/index.php?rest_route=\/wp\/v2\/pages\/49\/revisions\/90"}],"wp:featuredmedia":[{"embeddable":true,"href":"https:\/\/www.ig-rychenbergstrasse.ch\/index.php?rest_route=\/wp\/v2\/media\/94"}],"wp:attachment":[{"href":"https:\/\/www.ig-rychenbergstrasse.ch\/index.php?rest_route=%2Fwp%2Fv2%2Fmedia&parent=49"}],"curies":[{"name":"wp","href":"https:\/\/api.w.org\/{rel}","templated":true}]}}