{"id":34,"date":"2020-06-15T20:18:59","date_gmt":"2020-06-15T20:18:59","guid":{"rendered":"https:\/\/neu.ig-rychenbergstrasse.ch\/?page_id=34"},"modified":"2020-10-01T19:38:43","modified_gmt":"2020-10-01T19:38:43","slug":"organisation","status":"publish","type":"page","link":"https:\/\/www.ig-rychenbergstrasse.ch\/?page_id=34","title":{"rendered":"Organisation"},"content":{"rendered":"\n<p>Wir m\u00f6chten die Wohn- und Lebensqualit\u00e4t entlang der Rychenbergstrasse und der unmittelbaren Umgebung erhalten bzw. verbessern.<\/p>\n\n\n\n<p>Die&nbsp;<strong>Sicherheit<\/strong>&nbsp;aller Verkehrsteilnehmenden, der Anwohner\/-innen und aller nicht motorisierten Personen ist unser Hauptanliegen.<\/p>\n\n\n\n<p>Den&nbsp;<strong>L\u00e4rm<\/strong>, verursacht durch den Durchgangsverkehr m\u00fcssen wir eind\u00e4mmen.&nbsp;<\/p>\n\n\n\n<p>Die&nbsp;<strong>Gestaltung<\/strong>&nbsp;des Strassenraums mittels B\u00e4umen, Verkehrsinseln usw. ist uns wichtig.<\/p>\n","protected":false},"excerpt":{"rendered":"<p>Wir m\u00f6chten die Wohn- und Lebensqualit\u00e4t entlang der Rychenbergstrasse und der unmittelbaren Umgebung erhalten bzw. verbessern. Die&nbsp;Sicherheit&nbsp;aller Verkehrsteilnehmenden, der Anwohner\/-innen und aller nicht motorisierten Personen ist unser Hauptanliegen. Den&nbsp;L\u00e4rm, verursacht durch den Durchgangsverkehr m\u00fcssen wir eind\u00e4mmen.&nbsp; Die&nbsp;Gestaltung&nbsp;des Strassenraums mittels B\u00e4umen, Verkehrsinseln usw. ist uns wichtig.<\/p>\n","protected":false},"author":1,"featured_media":98,"parent":0,"menu_order":0,"comment_status":"closed","ping_status":"closed","template":"","meta":{"footnotes":""},"class_list":["post-34","page","type-page","status-publish","has-post-thumbnail","hentry"],"_links":{"self":[{"href":"https:\/\/www.ig-rychenbergstrasse.ch\/index.php?rest_route=\/wp\/v2\/pages\/34","targetHints":{"allow":["GET"]}}],"collection":[{"href":"https:\/\/www.ig-rychenbergstrasse.ch\/index.php?rest_route=\/wp\/v2\/pages"}],"about":[{"href":"https:\/\/www.ig-rychenbergstrasse.ch\/index.php?rest_route=\/wp\/v2\/types\/page"}],"author":[{"embeddable":true,"href":"https:\/\/www.ig-rychenbergstrasse.ch\/index.php?rest_route=\/wp\/v2\/users\/1"}],"replies":[{"embeddable":true,"href":"https:\/\/www.ig-rychenbergstrasse.ch\/index.php?rest_route=%2Fwp%2Fv2%2Fcomments&post=34"}],"version-history":[{"count":2,"href":"https:\/\/www.ig-rychenbergstrasse.ch\/index.php?rest_route=\/wp\/v2\/pages\/34\/revisions"}],"predecessor-version":[{"id":178,"href":"https:\/\/www.ig-rychenbergstrasse.ch\/index.php?rest_route=\/wp\/v2\/pages\/34\/revisions\/178"}],"wp:featuredmedia":[{"embeddable":true,"href":"https:\/\/www.ig-rychenbergstrasse.ch\/index.php?rest_route=\/wp\/v2\/media\/98"}],"wp:attachment":[{"href":"https:\/\/www.ig-rychenbergstrasse.ch\/index.php?rest_route=%2Fwp%2Fv2%2Fmedia&parent=34"}],"curies":[{"name":"wp","href":"https:\/\/api.w.org\/{rel}","templated":true}]}}