{"id":334,"date":"2021-10-24T13:33:04","date_gmt":"2021-10-24T13:33:04","guid":{"rendered":"https:\/\/www.ig-rychenbergstrasse.ch\/?page_id=334"},"modified":"2021-10-25T18:37:37","modified_gmt":"2021-10-25T18:37:37","slug":"verkehrszaehler-fa","status":"publish","type":"page","link":"https:\/\/www.ig-rychenbergstrasse.ch\/?page_id=334","title":{"rendered":"Verkehrsz\u00e4hler F&#038;A"},"content":{"rendered":"\n<p>Auf dieser Seite befinden sich h\u00e4ufig gestellte Fragen zu unserem Verkehrsz\u00e4hler und die zugeh\u00f6rigen Antworten.<\/p>\n\n\n\n<p><strong>Was ist ein  v<sub>85<\/sub>-Wert und was sagt er aus?<br><\/strong>Der   v<sub>85<\/sub>-Wert wird zur Charakterisierung einer Strasse verwendet und ergibt sich aus der Geschwindigkeit, die von 85% der gemessenen Fahrzeuge eingehalten und von 15% \u00fcberschritten wird. Der  v<sub>85<\/sub>-Wert einer Strasse sollte unterhalb der zul\u00e4ssigen H\u00f6chstgeschwindigkeit liegen. In unserem Fall liegt dieser Wert in s\u00e4mtlichen gemessenen Wochen zwischen 35 und 37 km\/h. Es besteht hier also ein klarer Handlungsbedarf.<\/p>\n\n\n\n<p><strong>Wie zuverl\u00e4ssig ist unser Verkehrsz\u00e4hler?<\/strong><br>Der von uns eingesetzte Z\u00e4hler (Vertrieb in der Schweiz durch die Firma BREDAR) wird auch f\u00fcr offizielle Verkehrsz\u00e4hlungen und Messungen auf Strassen diverser St\u00e4dte und Gemeinden verwendet. Unser Ger\u00e4t misst die Werte mithilfe von Radarwellen und hat im Vergleich zu reinen Geschwindigkeitsmessungen der Polizei mit Laserger\u00e4ten eine leicht h\u00f6here Toleranz.    <\/p>\n\n\n\n<p><strong>D\u00fcrfen Private solche Ger\u00e4te betreiben?<br><\/strong>Ja, denn bei den von uns durchgef\u00fchrten Messungen werden lediglich  Geschwindigkeit, L\u00e4nge und Zeitpunkt der Fahrzeuge erfasst. Die Fahrzeuge selber k\u00f6nnen nicht identifiziert werden. Dieses Vorgehen wird als Verkehrsmonitoring bezeichnet und ist auch Privaten erlaubt. W\u00fcrde allerdings die Geschwindigkeit nicht nur aufgezeichnet, sondern den Verkehrsteilnehmern auch angezeigt (Inforadartafeln), so unterl\u00e4ge dies dem Strassenverkehrsgesetz f\u00fcr Signalisation und Markierung im \u00f6ffentlichem Raum. Solche Anlagen d\u00fcrfen in der Schweiz nur von Beh\u00f6rden bzw. der Polizei eingesetzt werden.  <\/p>\n\n\n\n<p><strong>Wo wird gemessen?<br><\/strong>Aktuell steht das Z\u00e4hlger\u00e4t im letzten Drittel der Rychenbergstrasse. Bei Bedarf kann es auch an anderen Orten aufgestellt werden.<br><\/p>\n","protected":false},"excerpt":{"rendered":"<p>Auf dieser Seite befinden sich h\u00e4ufig gestellte Fragen zu unserem Verkehrsz\u00e4hler und die zugeh\u00f6rigen Antworten. Was ist ein v85-Wert und was sagt er aus?Der v85-Wert wird zur Charakterisierung einer Strasse verwendet und ergibt sich aus der Geschwindigkeit, die von 85% der gemessenen Fahrzeuge eingehalten und von 15% \u00fcberschritten wird. Der v85-Wert einer Strasse sollte unterhalb [&hellip;]<\/p>\n","protected":false},"author":1,"featured_media":0,"parent":0,"menu_order":0,"comment_status":"closed","ping_status":"closed","template":"","meta":{"footnotes":""},"class_list":["post-334","page","type-page","status-publish","hentry"],"_links":{"self":[{"href":"https:\/\/www.ig-rychenbergstrasse.ch\/index.php?rest_route=\/wp\/v2\/pages\/334","targetHints":{"allow":["GET"]}}],"collection":[{"href":"https:\/\/www.ig-rychenbergstrasse.ch\/index.php?rest_route=\/wp\/v2\/pages"}],"about":[{"href":"https:\/\/www.ig-rychenbergstrasse.ch\/index.php?rest_route=\/wp\/v2\/types\/page"}],"author":[{"embeddable":true,"href":"https:\/\/www.ig-rychenbergstrasse.ch\/index.php?rest_route=\/wp\/v2\/users\/1"}],"replies":[{"embeddable":true,"href":"https:\/\/www.ig-rychenbergstrasse.ch\/index.php?rest_route=%2Fwp%2Fv2%2Fcomments&post=334"}],"version-history":[{"count":5,"href":"https:\/\/www.ig-rychenbergstrasse.ch\/index.php?rest_route=\/wp\/v2\/pages\/334\/revisions"}],"predecessor-version":[{"id":352,"href":"https:\/\/www.ig-rychenbergstrasse.ch\/index.php?rest_route=\/wp\/v2\/pages\/334\/revisions\/352"}],"wp:attachment":[{"href":"https:\/\/www.ig-rychenbergstrasse.ch\/index.php?rest_route=%2Fwp%2Fv2%2Fmedia&parent=334"}],"curies":[{"name":"wp","href":"https:\/\/api.w.org\/{rel}","templated":true}]}}