{"id":31,"date":"2020-06-15T20:18:02","date_gmt":"2020-06-15T20:18:02","guid":{"rendered":"https:\/\/neu.ig-rychenbergstrasse.ch\/?page_id=31"},"modified":"2020-10-01T19:33:35","modified_gmt":"2020-10-01T19:33:35","slug":"ziele","status":"publish","type":"page","link":"https:\/\/www.ig-rychenbergstrasse.ch\/?page_id=31","title":{"rendered":"Ziele"},"content":{"rendered":"\n<p>Die&nbsp;<strong>Sicherheit<\/strong>&nbsp;aller Verkehrsteilnehmenden, der Anwohner\/-innen und aller nicht motorisierten Personen ist unser Hauptanliegen.&nbsp;<\/p>\n\n\n\n<p>Den\u00a0<strong>L\u00e4rm<\/strong>, verursacht durch den motorisierten Durchgangsverkehr, wollen wir eind\u00e4mmen. Hier setzen wir uns speziell f\u00fcr den Einsatz von leiseren Elektrobussen ein.<\/p>\n\n\n\n<p>Die&nbsp;<strong>Gestaltung<\/strong>&nbsp;des Strassenraums mittels B\u00e4umen, Verkehrsinseln usw. ist uns wichtig.<\/p>\n\n\n\n<p>Dass zwischen Stadler- und Talackerstrasse Tempo 30 eingef\u00fchrt, die Werkleitungen saniert und die Strasse grunderneuert wurde, ist erfreulich. <\/p>\n\n\n\n<p>Um unsere Ziele zu erreichen sind wir mit <a href=\"https:\/\/www.ig-rychenbergstrasse.ch\/index.php\/kontakt\/links\">\u00c4mtern, Interessengemeinschaften, Verb\u00e4nden und Vereinen<\/a> vernetzt und pflegen einen engen Austausch.<\/p>\n\n\n\n<p><\/p>\n","protected":false},"excerpt":{"rendered":"<p>Die&nbsp;Sicherheit&nbsp;aller Verkehrsteilnehmenden, der Anwohner\/-innen und aller nicht motorisierten Personen ist unser Hauptanliegen.&nbsp; Den\u00a0L\u00e4rm, verursacht durch den motorisierten Durchgangsverkehr, wollen wir eind\u00e4mmen. Hier setzen wir uns speziell f\u00fcr den Einsatz von leiseren Elektrobussen ein. Die&nbsp;Gestaltung&nbsp;des Strassenraums mittels B\u00e4umen, Verkehrsinseln usw. ist uns wichtig. Dass zwischen Stadler- und Talackerstrasse Tempo 30 eingef\u00fchrt, die Werkleitungen saniert und die [&hellip;]<\/p>\n","protected":false},"author":1,"featured_media":100,"parent":0,"menu_order":0,"comment_status":"closed","ping_status":"closed","template":"","meta":{"footnotes":""},"class_list":["post-31","page","type-page","status-publish","has-post-thumbnail","hentry"],"_links":{"self":[{"href":"https:\/\/www.ig-rychenbergstrasse.ch\/index.php?rest_route=\/wp\/v2\/pages\/31","targetHints":{"allow":["GET"]}}],"collection":[{"href":"https:\/\/www.ig-rychenbergstrasse.ch\/index.php?rest_route=\/wp\/v2\/pages"}],"about":[{"href":"https:\/\/www.ig-rychenbergstrasse.ch\/index.php?rest_route=\/wp\/v2\/types\/page"}],"author":[{"embeddable":true,"href":"https:\/\/www.ig-rychenbergstrasse.ch\/index.php?rest_route=\/wp\/v2\/users\/1"}],"replies":[{"embeddable":true,"href":"https:\/\/www.ig-rychenbergstrasse.ch\/index.php?rest_route=%2Fwp%2Fv2%2Fcomments&post=31"}],"version-history":[{"count":3,"href":"https:\/\/www.ig-rychenbergstrasse.ch\/index.php?rest_route=\/wp\/v2\/pages\/31\/revisions"}],"predecessor-version":[{"id":176,"href":"https:\/\/www.ig-rychenbergstrasse.ch\/index.php?rest_route=\/wp\/v2\/pages\/31\/revisions\/176"}],"wp:featuredmedia":[{"embeddable":true,"href":"https:\/\/www.ig-rychenbergstrasse.ch\/index.php?rest_route=\/wp\/v2\/media\/100"}],"wp:attachment":[{"href":"https:\/\/www.ig-rychenbergstrasse.ch\/index.php?rest_route=%2Fwp%2Fv2%2Fmedia&parent=31"}],"curies":[{"name":"wp","href":"https:\/\/api.w.org\/{rel}","templated":true}]}}