{"id":218,"date":"2020-11-04T19:30:08","date_gmt":"2020-11-04T19:30:08","guid":{"rendered":"https:\/\/neu.ig-rychenbergstrasse.ch\/?page_id=218"},"modified":"2020-11-10T19:38:20","modified_gmt":"2020-11-10T19:38:20","slug":"links","status":"publish","type":"page","link":"https:\/\/www.ig-rychenbergstrasse.ch\/?page_id=218","title":{"rendered":"Links"},"content":{"rendered":"\n<p>Um unsere Ziele zu erreichen sind wir mit \u00c4mtern, Interessengemeinschaften, Verb\u00e4nden und Vereinen vernetzt und pflegen einen regen Austausch.<\/p>\n\n\n\n<p><a rel=\"noreferrer noopener\" href=\"http:\/\/bau.winterthur.ch\/amt-fuer-staedtebau\" target=\"_blank\">Amt f\u00fcr St\u00e4dtebau<\/a><\/p>\n\n\n\n<p><a rel=\"noreferrer noopener\" href=\"http:\/\/www.aeusseres-lind.ch\/quartierverein.html\" target=\"_blank\">Quartierverein \u00c4usseres Lind<\/a><\/p>\n\n\n\n<p><a href=\"http:\/\/www.oberwinterthur.ch\/\" target=\"_blank\" rel=\"noreferrer noopener\">Quartierverein Oberi<\/a><\/p>\n\n\n\n<p><a href=\"https:\/\/stadt.winterthur.ch\/stadtbus\">Stadtbus Winterthur<\/a><\/p>\n\n\n\n<p><a href=\"http:\/\/stadt.winterthur.ch\/info\/news\/news-detail\/article\/mehr-sicherheit-und-lebensqualitaet-in-wohnquartieren-durch-mehr-tempo-30-und-begegnungszonen\/\">Stadt Winterthur\/Tempozonen<\/a><\/p>\n\n\n\n<p><a rel=\"noreferrer noopener\" href=\"http:\/\/www.umverkehr.ch\/\" target=\"_blank\">UmverkehR<\/a><\/p>\n\n\n\n<p><a rel=\"noreferrer noopener\" href=\"http:\/\/www.vcs-ate.ch\/\" target=\"_blank\">VCS<\/a><\/p>\n\n\n\n<p><\/p>\n","protected":false},"excerpt":{"rendered":"<p>Um unsere Ziele zu erreichen sind wir mit \u00c4mtern, Interessengemeinschaften, Verb\u00e4nden und Vereinen vernetzt und pflegen einen regen Austausch. Amt f\u00fcr St\u00e4dtebau Quartierverein \u00c4usseres Lind Quartierverein Oberi Stadtbus Winterthur Stadt Winterthur\/Tempozonen UmverkehR VCS<\/p>\n","protected":false},"author":1,"featured_media":0,"parent":0,"menu_order":0,"comment_status":"closed","ping_status":"closed","template":"","meta":{"footnotes":""},"class_list":["post-218","page","type-page","status-publish","hentry"],"_links":{"self":[{"href":"https:\/\/www.ig-rychenbergstrasse.ch\/index.php?rest_route=\/wp\/v2\/pages\/218","targetHints":{"allow":["GET"]}}],"collection":[{"href":"https:\/\/www.ig-rychenbergstrasse.ch\/index.php?rest_route=\/wp\/v2\/pages"}],"about":[{"href":"https:\/\/www.ig-rychenbergstrasse.ch\/index.php?rest_route=\/wp\/v2\/types\/page"}],"author":[{"embeddable":true,"href":"https:\/\/www.ig-rychenbergstrasse.ch\/index.php?rest_route=\/wp\/v2\/users\/1"}],"replies":[{"embeddable":true,"href":"https:\/\/www.ig-rychenbergstrasse.ch\/index.php?rest_route=%2Fwp%2Fv2%2Fcomments&post=218"}],"version-history":[{"count":2,"href":"https:\/\/www.ig-rychenbergstrasse.ch\/index.php?rest_route=\/wp\/v2\/pages\/218\/revisions"}],"predecessor-version":[{"id":241,"href":"https:\/\/www.ig-rychenbergstrasse.ch\/index.php?rest_route=\/wp\/v2\/pages\/218\/revisions\/241"}],"wp:attachment":[{"href":"https:\/\/www.ig-rychenbergstrasse.ch\/index.php?rest_route=%2Fwp%2Fv2%2Fmedia&parent=218"}],"curies":[{"name":"wp","href":"https:\/\/api.w.org\/{rel}","templated":true}]}}