{"id":199,"date":"2020-10-17T13:05:33","date_gmt":"2020-10-17T13:05:33","guid":{"rendered":"https:\/\/neu.ig-rychenbergstrasse.ch\/?page_id=199"},"modified":"2021-01-27T16:52:46","modified_gmt":"2021-01-27T16:52:46","slug":"infoanlass-stadtbus-2035","status":"publish","type":"page","link":"https:\/\/www.ig-rychenbergstrasse.ch\/?page_id=199","title":{"rendered":"Infoanlass Stadtbus 2035"},"content":{"rendered":"\n<p>Der virtuelle Anlass traf auf grosses Interesse der Oberianer. Klaus Eisele konnte \u00fcber 40 angemeldete Zuh\u00f6rerinnen und Zuh\u00f6rer begr\u00fcssen. Mit den beiden Referenten, Herr A. Bosonnet vom Stadtbauamt und Herrn S. Gerber von Stadtbus, gelang es, das Interesse der Teilnehmer auf hohem Niveau zu halten. Dies zeigte sich an den zahlreichen Fragen an beide Referenten. Beide Referenten erkl\u00e4rten viele Details zur Gr\u00fcze Querung und der nahen und ferneren Zukunft von Stadtbus. Von besonderem Interesse waren die Informationen zur Linie 10. Mit Genugtuung wurde zur Kenntnis genommen, dass Stadtbus f\u00fcr die Fahrplanprobleme im Zusammenhang mit Tempo30 auf der Rychenbergstrasse aktiv L\u00f6sungen sucht und anstrebt.<\/p>\n\n\n\n<p>Auch hinsichtlich des k\u00fcnftigen Einsatzes von neuen Gelenkbus-Modellen konnte Herr Gerber berichten, dass dadurch weder gr\u00f6ssere Probleme beim Kreuzen noch bauliche Massnahmen bei den Haltestellen n\u00f6tig sein werden. Er zeigte sich zuversichtlich, dass es der technische Fortschritt bei der Batterietechnik in absehbarer Zeit m\u00f6glich machen wird, die Linie 10 ebenfalls mit Elektrobussen auszur\u00fcsten, welche auf der Rychenbergstrasse ohne Fahrleitung verkehren und einen Beitrag zur L\u00e4rmbek\u00e4mpfung leisten werden.<\/p>\n\n\n\n<p>Klaus Eisele beendete die Veranstaltung mit der Hoffnung, sich beim n\u00e4chsten Mal wieder real treffen und mit einem Ap\u00e9ro abschliessen zu k\u00f6nnen.<\/p>\n\n\n\n<p><a rel=\"noreferrer noopener\" href=\"https:\/\/www.ig-rychenbergstrasse.ch\/wp-content\/uploads\/2021\/01\/Praesentation_QuerungGrueze_Abstimmung.pdf\" target=\"_blank\">Vortragsfolien A. Bosonnet (PDF<\/a>) <\/p>\n\n\n\n<p><a href=\"https:\/\/www.ig-rychenbergstrasse.ch\/?attachment_id=296\">Vortragsfolien S. Gerber (PDF)<\/a> <\/p>\n","protected":false},"excerpt":{"rendered":"<p>Der virtuelle Anlass traf auf grosses Interesse der Oberianer. Klaus Eisele konnte \u00fcber 40 angemeldete Zuh\u00f6rerinnen und Zuh\u00f6rer begr\u00fcssen. Mit den beiden Referenten, Herr A. Bosonnet vom Stadtbauamt und Herrn S. Gerber von Stadtbus, gelang es, das Interesse der Teilnehmer auf hohem Niveau zu halten. Dies zeigte sich an den zahlreichen Fragen an beide Referenten. [&hellip;]<\/p>\n","protected":false},"author":1,"featured_media":198,"parent":0,"menu_order":0,"comment_status":"closed","ping_status":"closed","template":"","meta":{"footnotes":""},"class_list":["post-199","page","type-page","status-publish","has-post-thumbnail","hentry"],"_links":{"self":[{"href":"https:\/\/www.ig-rychenbergstrasse.ch\/index.php?rest_route=\/wp\/v2\/pages\/199","targetHints":{"allow":["GET"]}}],"collection":[{"href":"https:\/\/www.ig-rychenbergstrasse.ch\/index.php?rest_route=\/wp\/v2\/pages"}],"about":[{"href":"https:\/\/www.ig-rychenbergstrasse.ch\/index.php?rest_route=\/wp\/v2\/types\/page"}],"author":[{"embeddable":true,"href":"https:\/\/www.ig-rychenbergstrasse.ch\/index.php?rest_route=\/wp\/v2\/users\/1"}],"replies":[{"embeddable":true,"href":"https:\/\/www.ig-rychenbergstrasse.ch\/index.php?rest_route=%2Fwp%2Fv2%2Fcomments&post=199"}],"version-history":[{"count":13,"href":"https:\/\/www.ig-rychenbergstrasse.ch\/index.php?rest_route=\/wp\/v2\/pages\/199\/revisions"}],"predecessor-version":[{"id":297,"href":"https:\/\/www.ig-rychenbergstrasse.ch\/index.php?rest_route=\/wp\/v2\/pages\/199\/revisions\/297"}],"wp:featuredmedia":[{"embeddable":true,"href":"https:\/\/www.ig-rychenbergstrasse.ch\/index.php?rest_route=\/wp\/v2\/media\/198"}],"wp:attachment":[{"href":"https:\/\/www.ig-rychenbergstrasse.ch\/index.php?rest_route=%2Fwp%2Fv2%2Fmedia&parent=199"}],"curies":[{"name":"wp","href":"https:\/\/api.w.org\/{rel}","templated":true}]}}